{"id":755,"date":"2020-11-21T00:31:13","date_gmt":"2020-11-20T23:31:13","guid":{"rendered":"http:\/\/bzvcadv.cluster030.hosting.ovh.net\/?page_id=755"},"modified":"2021-05-02T18:21:01","modified_gmt":"2021-05-02T16:21:01","slug":"photos-de-mode","status":"publish","type":"page","link":"https:\/\/studio-lt.fr\/index.php\/photos-de-mode\/","title":{"rendered":"Photos de mode"},"content":{"rendered":"\t\t<div data-elementor-type=\"wp-page\" data-elementor-id=\"755\" class=\"elementor elementor-755\">\n\t\t\t\t\t\t<div class=\"elementor-inner\">\n\t\t\t\t<div class=\"elementor-section-wrap\">\n\t\t\t\t\t\t\t\t\t<section class=\"elementor-section elementor-top-section elementor-element elementor-element-95ba799 elementor-section-boxed elementor-section-height-default elementor-section-height-default\" data-id=\"95ba799\" data-element_type=\"section\">\n\t\t\t\t\t\t<div class=\"elementor-container elementor-column-gap-default\">\n\t\t\t\t\t\t\t<div class=\"elementor-row\">\n\t\t\t\t\t<div class=\"elementor-column elementor-col-100 elementor-top-column elementor-element elementor-element-4354b1a\" data-id=\"4354b1a\" data-element_type=\"column\">\n\t\t\t<div class=\"elementor-column-wrap elementor-element-populated\">\n\t\t\t\t\t\t\t<div class=\"elementor-widget-wrap\">\n\t\t\t\t\t\t<div class=\"elementor-element elementor-element-befd1ad elementor-widget elementor-widget-heading\" data-id=\"befd1ad\" data-element_type=\"widget\" data-widget_type=\"heading.default\">\n\t\t\t\t<div class=\"elementor-widget-container\">\n\t\t\t<h1 class=\"elementor-heading-title elementor-size-large\">Photos de mode<\/h1>\t\t<\/div>\n\t\t\t\t<\/div>\n\t\t\t\t\t\t<\/div>\n\t\t\t\t\t<\/div>\n\t\t<\/div>\n\t\t\t\t\t\t\t\t<\/div>\n\t\t\t\t\t<\/div>\n\t\t<\/section>\n\t\t\t\t<section class=\"elementor-section elementor-top-section elementor-element elementor-element-99fcf2c elementor-section-boxed elementor-section-height-default elementor-section-height-default\" data-id=\"99fcf2c\" data-element_type=\"section\">\n\t\t\t\t\t\t<div class=\"elementor-container elementor-column-gap-default\">\n\t\t\t\t\t\t\t<div class=\"elementor-row\">\n\t\t\t\t\t<div class=\"elementor-column elementor-col-100 elementor-top-column elementor-element elementor-element-70d714a\" data-id=\"70d714a\" data-element_type=\"column\">\n\t\t\t<div class=\"elementor-column-wrap elementor-element-populated\">\n\t\t\t\t\t\t\t<div class=\"elementor-widget-wrap\">\n\t\t\t\t\t\t<div class=\"elementor-element elementor-element-2479839 elementor-widget__width-inherit elementor-widget elementor-widget-gallery\" data-id=\"2479839\" data-element_type=\"widget\" data-settings=\"{&quot;gallery_layout&quot;:&quot;masonry&quot;,&quot;columns&quot;:3,&quot;gap&quot;:{&quot;unit&quot;:&quot;px&quot;,&quot;size&quot;:21,&quot;sizes&quot;:[]},&quot;lazyload&quot;:&quot;yes&quot;,&quot;columns_tablet&quot;:2,&quot;columns_mobile&quot;:1,&quot;gap_tablet&quot;:{&quot;unit&quot;:&quot;px&quot;,&quot;size&quot;:10,&quot;sizes&quot;:[]},&quot;gap_mobile&quot;:{&quot;unit&quot;:&quot;px&quot;,&quot;size&quot;:10,&quot;sizes&quot;:[]},&quot;link_to&quot;:&quot;file&quot;,&quot;overlay_background&quot;:&quot;yes&quot;,&quot;content_hover_animation&quot;:&quot;fade-in&quot;}\" data-widget_type=\"gallery.default\">\n\t\t\t\t<div class=\"elementor-widget-container\">\n\t\t\t\t\t<div class=\"elementor-gallery__container\">\n\t\t\t\t\t\t\t<a class=\"e-gallery-item elementor-gallery-item elementor-animated-content\" href=\"https:\/\/studio-lt.fr\/wp-content\/uploads\/2021\/05\/Defile_Dior_versailles_mars_2021_8104.jpg\" data-elementor-open-lightbox=\"yes\" data-elementor-lightbox-slideshow=\"all-2479839\" data-elementor-lightbox-title=\"D\u00e9fil\u00e9_Dior_versailles_mars_2021_8104\" data-e-action-hash=\"#elementor-action%3Aaction%3Dlightbox%26settings%3DeyJpZCI6MTMwNywidXJsIjoiaHR0cHM6XC9cL3N0dWRpby1sdC5mclwvd3AtY29udGVudFwvdXBsb2Fkc1wvMjAyMVwvMDVcL0RlZmlsZV9EaW9yX3ZlcnNhaWxsZXNfbWFyc18yMDIxXzgxMDQuanBnIiwic2xpZGVzaG93IjoiYWxsLTI0Nzk4MzkifQ%3D%3D\">\n\t\t\t\t\t<div class=\"e-gallery-image elementor-gallery-item__image\" data-thumbnail=\"https:\/\/studio-lt.fr\/wp-content\/uploads\/2021\/05\/Defile_Dior_versailles_mars_2021_8104.jpg\" data-width=\"924\" data-height=\"1386\" alt=\"\" ><\/div>\n\t\t\t\t\t\t\t\t\t\t<div class=\"elementor-gallery-item__overlay\"><\/div>\n\t\t\t\t\t\t\t\t\t\t\t\t\t\t<\/a>\n\t\t\t\t\t\t\t<a class=\"e-gallery-item elementor-gallery-item elementor-animated-content\" href=\"https:\/\/studio-lt.fr\/wp-content\/uploads\/2021\/05\/Defile_Dior_versailles_mars_2021_8092.jpg\" data-elementor-open-lightbox=\"yes\" data-elementor-lightbox-slideshow=\"all-2479839\" data-elementor-lightbox-title=\"D\u00e9fil\u00e9_Dior_versailles_mars_2021_8092\" data-e-action-hash=\"#elementor-action%3Aaction%3Dlightbox%26settings%3DeyJpZCI6MTMwOCwidXJsIjoiaHR0cHM6XC9cL3N0dWRpby1sdC5mclwvd3AtY29udGVudFwvdXBsb2Fkc1wvMjAyMVwvMDVcL0RlZmlsZV9EaW9yX3ZlcnNhaWxsZXNfbWFyc18yMDIxXzgwOTIuanBnIiwic2xpZGVzaG93IjoiYWxsLTI0Nzk4MzkifQ%3D%3D\">\n\t\t\t\t\t<div class=\"e-gallery-image elementor-gallery-item__image\" data-thumbnail=\"https:\/\/studio-lt.fr\/wp-content\/uploads\/2021\/05\/Defile_Dior_versailles_mars_2021_8092.jpg\" data-width=\"924\" data-height=\"1386\" alt=\"\" ><\/div>\n\t\t\t\t\t\t\t\t\t\t<div class=\"elementor-gallery-item__overlay\"><\/div>\n\t\t\t\t\t\t\t\t\t\t\t\t\t\t<\/a>\n\t\t\t\t\t\t\t<a class=\"e-gallery-item elementor-gallery-item elementor-animated-content\" href=\"https:\/\/studio-lt.fr\/wp-content\/uploads\/2020\/11\/Defile-Isabel-Marrant-2020-Palais-Royal-0995-1.jpg\" data-elementor-open-lightbox=\"yes\" data-elementor-lightbox-slideshow=\"all-2479839\" data-elementor-lightbox-title=\"Defil\u00e9 Isabel Marrant 2020 Palais Royal 0995 1\" data-e-action-hash=\"#elementor-action%3Aaction%3Dlightbox%26settings%3DeyJpZCI6NzEyLCJ1cmwiOiJodHRwczpcL1wvc3R1ZGlvLWx0LmZyXC93cC1jb250ZW50XC91cGxvYWRzXC8yMDIwXC8xMVwvRGVmaWxlLUlzYWJlbC1NYXJyYW50LTIwMjAtUGFsYWlzLVJveWFsLTA5OTUtMS5qcGciLCJzbGlkZXNob3ciOiJhbGwtMjQ3OTgzOSJ9\">\n\t\t\t\t\t<div class=\"e-gallery-image elementor-gallery-item__image\" data-thumbnail=\"https:\/\/studio-lt.fr\/wp-content\/uploads\/2020\/11\/Defile-Isabel-Marrant-2020-Palais-Royal-0995-1.jpg\" data-width=\"600\" data-height=\"400\" alt=\"\" ><\/div>\n\t\t\t\t\t\t\t\t\t\t<div class=\"elementor-gallery-item__overlay\"><\/div>\n\t\t\t\t\t\t\t\t\t\t\t\t\t\t<\/a>\n\t\t\t\t\t\t\t<a class=\"e-gallery-item elementor-gallery-item elementor-animated-content\" href=\"https:\/\/studio-lt.fr\/wp-content\/uploads\/2020\/11\/Defile-Paco-Rabanne-2020-Espace-Commines-3497.jpg\" data-elementor-open-lightbox=\"yes\" data-elementor-lightbox-slideshow=\"all-2479839\" data-elementor-lightbox-title=\"D\u00e9fil\u00e9 Paco Rabanne 2020 Espace Commines 3497\" data-e-action-hash=\"#elementor-action%3Aaction%3Dlightbox%26settings%3DeyJpZCI6NzA5LCJ1cmwiOiJodHRwczpcL1wvc3R1ZGlvLWx0LmZyXC93cC1jb250ZW50XC91cGxvYWRzXC8yMDIwXC8xMVwvRGVmaWxlLVBhY28tUmFiYW5uZS0yMDIwLUVzcGFjZS1Db21taW5lcy0zNDk3LmpwZyIsInNsaWRlc2hvdyI6ImFsbC0yNDc5ODM5In0%3D\">\n\t\t\t\t\t<div class=\"e-gallery-image elementor-gallery-item__image\" data-thumbnail=\"https:\/\/studio-lt.fr\/wp-content\/uploads\/2020\/11\/Defile-Paco-Rabanne-2020-Espace-Commines-3497.jpg\" data-width=\"600\" data-height=\"900\" alt=\"\" ><\/div>\n\t\t\t\t\t\t\t\t\t\t<div class=\"elementor-gallery-item__overlay\"><\/div>\n\t\t\t\t\t\t\t\t\t\t\t\t\t\t<\/a>\n\t\t\t\t\t\t\t<a class=\"e-gallery-item elementor-gallery-item elementor-animated-content\" href=\"https:\/\/studio-lt.fr\/wp-content\/uploads\/2021\/05\/Defile_chloe_mars_2021_7785-1.jpg\" data-elementor-open-lightbox=\"yes\" data-elementor-lightbox-slideshow=\"all-2479839\" data-elementor-lightbox-title=\"D\u00e9fil\u00e9_chlo\u00e9_mars_2021_7785\" data-e-action-hash=\"#elementor-action%3Aaction%3Dlightbox%26settings%3DeyJpZCI6MTM0NCwidXJsIjoiaHR0cHM6XC9cL3N0dWRpby1sdC5mclwvd3AtY29udGVudFwvdXBsb2Fkc1wvMjAyMVwvMDVcL0RlZmlsZV9jaGxvZV9tYXJzXzIwMjFfNzc4NS0xLmpwZyIsInNsaWRlc2hvdyI6ImFsbC0yNDc5ODM5In0%3D\">\n\t\t\t\t\t<div class=\"e-gallery-image elementor-gallery-item__image\" data-thumbnail=\"https:\/\/studio-lt.fr\/wp-content\/uploads\/2021\/05\/Defile_chloe_mars_2021_7785-1.jpg\" data-width=\"924\" data-height=\"1386\" alt=\"\" ><\/div>\n\t\t\t\t\t\t\t\t\t\t<div class=\"elementor-gallery-item__overlay\"><\/div>\n\t\t\t\t\t\t\t\t\t\t\t\t\t\t<\/a>\n\t\t\t\t\t\t\t<a class=\"e-gallery-item elementor-gallery-item elementor-animated-content\" href=\"https:\/\/studio-lt.fr\/wp-content\/uploads\/2021\/05\/Defile_chloe_mars_2021_7665.jpg\" data-elementor-open-lightbox=\"yes\" data-elementor-lightbox-slideshow=\"all-2479839\" data-elementor-lightbox-title=\"D\u00e9fil\u00e9_chlo\u00e9_mars_2021_7665\" data-e-action-hash=\"#elementor-action%3Aaction%3Dlightbox%26settings%3DeyJpZCI6MTM0NSwidXJsIjoiaHR0cHM6XC9cL3N0dWRpby1sdC5mclwvd3AtY29udGVudFwvdXBsb2Fkc1wvMjAyMVwvMDVcL0RlZmlsZV9jaGxvZV9tYXJzXzIwMjFfNzY2NS5qcGciLCJzbGlkZXNob3ciOiJhbGwtMjQ3OTgzOSJ9\">\n\t\t\t\t\t<div class=\"e-gallery-image elementor-gallery-item__image\" data-thumbnail=\"https:\/\/studio-lt.fr\/wp-content\/uploads\/2021\/05\/Defile_chloe_mars_2021_7665.jpg\" data-width=\"1386\" data-height=\"924\" alt=\"\" ><\/div>\n\t\t\t\t\t\t\t\t\t\t<div class=\"elementor-gallery-item__overlay\"><\/div>\n\t\t\t\t\t\t\t\t\t\t\t\t\t\t<\/a>\n\t\t\t\t\t\t\t<a class=\"e-gallery-item elementor-gallery-item elementor-animated-content\" href=\"https:\/\/studio-lt.fr\/wp-content\/uploads\/2020\/11\/Defile-Paco-Rabanne-2020-Espace-Commines-3684.jpg\" data-elementor-open-lightbox=\"yes\" data-elementor-lightbox-slideshow=\"all-2479839\" data-elementor-lightbox-title=\"D\u00e9fil\u00e9 Paco Rabanne 2020 Espace Commines 3684\" data-e-action-hash=\"#elementor-action%3Aaction%3Dlightbox%26settings%3DeyJpZCI6NzA3LCJ1cmwiOiJodHRwczpcL1wvc3R1ZGlvLWx0LmZyXC93cC1jb250ZW50XC91cGxvYWRzXC8yMDIwXC8xMVwvRGVmaWxlLVBhY28tUmFiYW5uZS0yMDIwLUVzcGFjZS1Db21taW5lcy0zNjg0LmpwZyIsInNsaWRlc2hvdyI6ImFsbC0yNDc5ODM5In0%3D\">\n\t\t\t\t\t<div class=\"e-gallery-image elementor-gallery-item__image\" data-thumbnail=\"https:\/\/studio-lt.fr\/wp-content\/uploads\/2020\/11\/Defile-Paco-Rabanne-2020-Espace-Commines-3684.jpg\" data-width=\"600\" data-height=\"400\" alt=\"\" ><\/div>\n\t\t\t\t\t\t\t\t\t\t<div class=\"elementor-gallery-item__overlay\"><\/div>\n\t\t\t\t\t\t\t\t\t\t\t\t\t\t<\/a>\n\t\t\t\t\t\t\t<a class=\"e-gallery-item elementor-gallery-item elementor-animated-content\" href=\"https:\/\/studio-lt.fr\/wp-content\/uploads\/2020\/11\/Defile-Paco-Rabanne-2020-Espace-Commines-3696-1.jpg\" data-elementor-open-lightbox=\"yes\" data-elementor-lightbox-slideshow=\"all-2479839\" data-elementor-lightbox-title=\"D\u00e9fil\u00e9 Paco Rabanne 2020 Espace Commines 3696 1\" data-e-action-hash=\"#elementor-action%3Aaction%3Dlightbox%26settings%3DeyJpZCI6NzA4LCJ1cmwiOiJodHRwczpcL1wvc3R1ZGlvLWx0LmZyXC93cC1jb250ZW50XC91cGxvYWRzXC8yMDIwXC8xMVwvRGVmaWxlLVBhY28tUmFiYW5uZS0yMDIwLUVzcGFjZS1Db21taW5lcy0zNjk2LTEuanBnIiwic2xpZGVzaG93IjoiYWxsLTI0Nzk4MzkifQ%3D%3D\">\n\t\t\t\t\t<div class=\"e-gallery-image elementor-gallery-item__image\" data-thumbnail=\"https:\/\/studio-lt.fr\/wp-content\/uploads\/2020\/11\/Defile-Paco-Rabanne-2020-Espace-Commines-3696-1.jpg\" data-width=\"600\" data-height=\"900\" alt=\"\" ><\/div>\n\t\t\t\t\t\t\t\t\t\t<div class=\"elementor-gallery-item__overlay\"><\/div>\n\t\t\t\t\t\t\t\t\t\t\t\t\t\t<\/a>\n\t\t\t\t\t\t\t<a class=\"e-gallery-item elementor-gallery-item elementor-animated-content\" href=\"https:\/\/studio-lt.fr\/wp-content\/uploads\/2021\/01\/defile_chanel_janvier_2021_-6440.jpg\" data-elementor-open-lightbox=\"yes\" data-elementor-lightbox-slideshow=\"all-2479839\" data-elementor-lightbox-title=\"defile_chanel_janvier_2021_ 6440\" data-e-action-hash=\"#elementor-action%3Aaction%3Dlightbox%26settings%3DeyJpZCI6MTE4OCwidXJsIjoiaHR0cHM6XC9cL3N0dWRpby1sdC5mclwvd3AtY29udGVudFwvdXBsb2Fkc1wvMjAyMVwvMDFcL2RlZmlsZV9jaGFuZWxfamFudmllcl8yMDIxXy02NDQwLmpwZyIsInNsaWRlc2hvdyI6ImFsbC0yNDc5ODM5In0%3D\">\n\t\t\t\t\t<div class=\"e-gallery-image elementor-gallery-item__image\" data-thumbnail=\"https:\/\/studio-lt.fr\/wp-content\/uploads\/2021\/01\/defile_chanel_janvier_2021_-6440.jpg\" data-width=\"1080\" data-height=\"1620\" alt=\"defile_chanel_janvier_2021\" ><\/div>\n\t\t\t\t\t\t\t\t\t\t<div class=\"elementor-gallery-item__overlay\"><\/div>\n\t\t\t\t\t\t\t\t\t\t\t\t\t\t<\/a>\n\t\t\t\t\t\t\t<a class=\"e-gallery-item elementor-gallery-item elementor-animated-content\" href=\"https:\/\/studio-lt.fr\/wp-content\/uploads\/2020\/11\/Defile-Isabel-Marrant-2020-Palais-Royal-0969.jpg\" data-elementor-open-lightbox=\"yes\" data-elementor-lightbox-slideshow=\"all-2479839\" data-elementor-lightbox-title=\"Defil\u00e9 Isabel Marrant 2020 Palais Royal 0969\" data-e-action-hash=\"#elementor-action%3Aaction%3Dlightbox%26settings%3DeyJpZCI6NzE0LCJ1cmwiOiJodHRwczpcL1wvc3R1ZGlvLWx0LmZyXC93cC1jb250ZW50XC91cGxvYWRzXC8yMDIwXC8xMVwvRGVmaWxlLUlzYWJlbC1NYXJyYW50LTIwMjAtUGFsYWlzLVJveWFsLTA5NjkuanBnIiwic2xpZGVzaG93IjoiYWxsLTI0Nzk4MzkifQ%3D%3D\">\n\t\t\t\t\t<div class=\"e-gallery-image elementor-gallery-item__image\" data-thumbnail=\"https:\/\/studio-lt.fr\/wp-content\/uploads\/2020\/11\/Defile-Isabel-Marrant-2020-Palais-Royal-0969.jpg\" data-width=\"600\" data-height=\"900\" alt=\"\" ><\/div>\n\t\t\t\t\t\t\t\t\t\t<div class=\"elementor-gallery-item__overlay\"><\/div>\n\t\t\t\t\t\t\t\t\t\t\t\t\t\t<\/a>\n\t\t\t\t\t<\/div>\n\t\t\t<\/div>\n\t\t\t\t<\/div>\n\t\t\t\t\t\t<\/div>\n\t\t\t\t\t<\/div>\n\t\t<\/div>\n\t\t\t\t\t\t\t\t<\/div>\n\t\t\t\t\t<\/div>\n\t\t<\/section>\n\t\t\t\t\t\t\t\t\t<\/div>\n\t\t\t<\/div>\n\t\t\t\t\t<\/div>\n\t\t","protected":false},"excerpt":{"rendered":"<p>Photos de mode<\/p>\n","protected":false},"author":1,"featured_media":0,"parent":0,"menu_order":0,"comment_status":"closed","ping_status":"closed","template":"page-templates\/full-width-page.php","meta":[],"yoast_head":"<!-- This site is optimized with the Yoast SEO Premium plugin v16.1 (Yoast SEO v18.4.1) - https:\/\/yoast.com\/wordpress\/plugins\/seo\/ -->\n<title>Photos de mode - Photographe professionnel | Paris | Studio Laurent Tesla<\/title>\n<meta name=\"robots\" content=\"index, follow, max-snippet:-1, max-image-preview:large, max-video-preview:-1\" \/>\n<link rel=\"canonical\" href=\"https:\/\/studio-lt.fr\/index.php\/photos-de-mode\/\" \/>\n<meta property=\"og:locale\" content=\"fr_FR\" \/>\n<meta property=\"og:type\" content=\"article\" \/>\n<meta property=\"og:title\" content=\"Photos de mode - Photographe professionnel | Paris | Studio Laurent Tesla\" \/>\n<meta property=\"og:description\" content=\"Photos de mode\" \/>\n<meta property=\"og:url\" content=\"https:\/\/studio-lt.fr\/index.php\/photos-de-mode\/\" \/>\n<meta property=\"og:site_name\" content=\"Photographe professionnel | Paris | Studio Laurent Tesla\" \/>\n<meta property=\"article:modified_time\" content=\"2021-05-02T16:21:01+00:00\" \/>\n<meta name=\"twitter:card\" content=\"summary_large_image\" \/>\n<meta name=\"twitter:label1\" content=\"Dur\u00e9e de lecture estim\u00e9e\" \/>\n\t<meta name=\"twitter:data1\" content=\"1 minute\" \/>\n<script type=\"application\/ld+json\" class=\"yoast-schema-graph\">{\"@context\":\"https:\/\/schema.org\",\"@graph\":[{\"@type\":\"Organization\",\"@id\":\"https:\/\/studio-lt.fr\/#organization\",\"name\":\"Studio Laurent Tesla\",\"url\":\"https:\/\/studio-lt.fr\/\",\"sameAs\":[],\"logo\":{\"@type\":\"ImageObject\",\"@id\":\"https:\/\/studio-lt.fr\/#logo\",\"inLanguage\":\"fr-FR\",\"url\":\"https:\/\/studio-lt.fr\/wp-content\/uploads\/2020\/11\/Black-on-White6.jpg\",\"contentUrl\":\"https:\/\/studio-lt.fr\/wp-content\/uploads\/2020\/11\/Black-on-White6.jpg\",\"width\":190,\"height\":83,\"caption\":\"Studio Laurent Tesla\"},\"image\":{\"@id\":\"https:\/\/studio-lt.fr\/#logo\"}},{\"@type\":\"WebSite\",\"@id\":\"https:\/\/studio-lt.fr\/#website\",\"url\":\"https:\/\/studio-lt.fr\/\",\"name\":\"Photographe professionnel | Paris | Studio Laurent Tesla\",\"description\":\"Des photos \u00e0 votre image !\",\"publisher\":{\"@id\":\"https:\/\/studio-lt.fr\/#organization\"},\"potentialAction\":[{\"@type\":\"SearchAction\",\"target\":{\"@type\":\"EntryPoint\",\"urlTemplate\":\"https:\/\/studio-lt.fr\/?s={search_term_string}\"},\"query-input\":\"required name=search_term_string\"}],\"inLanguage\":\"fr-FR\"},{\"@type\":\"WebPage\",\"@id\":\"https:\/\/studio-lt.fr\/index.php\/photos-de-mode\/#webpage\",\"url\":\"https:\/\/studio-lt.fr\/index.php\/photos-de-mode\/\",\"name\":\"Photos de mode - Photographe professionnel | Paris | Studio Laurent Tesla\",\"isPartOf\":{\"@id\":\"https:\/\/studio-lt.fr\/#website\"},\"datePublished\":\"2020-11-20T23:31:13+00:00\",\"dateModified\":\"2021-05-02T16:21:01+00:00\",\"breadcrumb\":{\"@id\":\"https:\/\/studio-lt.fr\/index.php\/photos-de-mode\/#breadcrumb\"},\"inLanguage\":\"fr-FR\",\"potentialAction\":[{\"@type\":\"ReadAction\",\"target\":[\"https:\/\/studio-lt.fr\/index.php\/photos-de-mode\/\"]}]},{\"@type\":\"BreadcrumbList\",\"@id\":\"https:\/\/studio-lt.fr\/index.php\/photos-de-mode\/#breadcrumb\",\"itemListElement\":[{\"@type\":\"ListItem\",\"position\":1,\"name\":\"Accueil\",\"item\":\"https:\/\/studio-lt.fr\/\"},{\"@type\":\"ListItem\",\"position\":2,\"name\":\"Photos de mode\"}]}]}<\/script>\n<!-- \/ Yoast SEO Premium plugin. -->","yoast_head_json":{"title":"Photos de mode - Photographe professionnel | Paris | Studio Laurent Tesla","robots":{"index":"index","follow":"follow","max-snippet":"max-snippet:-1","max-image-preview":"max-image-preview:large","max-video-preview":"max-video-preview:-1"},"canonical":"https:\/\/studio-lt.fr\/index.php\/photos-de-mode\/","og_locale":"fr_FR","og_type":"article","og_title":"Photos de mode - Photographe professionnel | Paris | Studio Laurent Tesla","og_description":"Photos de mode","og_url":"https:\/\/studio-lt.fr\/index.php\/photos-de-mode\/","og_site_name":"Photographe professionnel | Paris | Studio Laurent Tesla","article_modified_time":"2021-05-02T16:21:01+00:00","twitter_card":"summary_large_image","twitter_misc":{"Dur\u00e9e de lecture estim\u00e9e":"1 minute"},"schema":{"@context":"https:\/\/schema.org","@graph":[{"@type":"Organization","@id":"https:\/\/studio-lt.fr\/#organization","name":"Studio Laurent Tesla","url":"https:\/\/studio-lt.fr\/","sameAs":[],"logo":{"@type":"ImageObject","@id":"https:\/\/studio-lt.fr\/#logo","inLanguage":"fr-FR","url":"https:\/\/studio-lt.fr\/wp-content\/uploads\/2020\/11\/Black-on-White6.jpg","contentUrl":"https:\/\/studio-lt.fr\/wp-content\/uploads\/2020\/11\/Black-on-White6.jpg","width":190,"height":83,"caption":"Studio Laurent Tesla"},"image":{"@id":"https:\/\/studio-lt.fr\/#logo"}},{"@type":"WebSite","@id":"https:\/\/studio-lt.fr\/#website","url":"https:\/\/studio-lt.fr\/","name":"Photographe professionnel | Paris | Studio Laurent Tesla","description":"Des photos \u00e0 votre image !","publisher":{"@id":"https:\/\/studio-lt.fr\/#organization"},"potentialAction":[{"@type":"SearchAction","target":{"@type":"EntryPoint","urlTemplate":"https:\/\/studio-lt.fr\/?s={search_term_string}"},"query-input":"required name=search_term_string"}],"inLanguage":"fr-FR"},{"@type":"WebPage","@id":"https:\/\/studio-lt.fr\/index.php\/photos-de-mode\/#webpage","url":"https:\/\/studio-lt.fr\/index.php\/photos-de-mode\/","name":"Photos de mode - Photographe professionnel | Paris | Studio Laurent Tesla","isPartOf":{"@id":"https:\/\/studio-lt.fr\/#website"},"datePublished":"2020-11-20T23:31:13+00:00","dateModified":"2021-05-02T16:21:01+00:00","breadcrumb":{"@id":"https:\/\/studio-lt.fr\/index.php\/photos-de-mode\/#breadcrumb"},"inLanguage":"fr-FR","potentialAction":[{"@type":"ReadAction","target":["https:\/\/studio-lt.fr\/index.php\/photos-de-mode\/"]}]},{"@type":"BreadcrumbList","@id":"https:\/\/studio-lt.fr\/index.php\/photos-de-mode\/#breadcrumb","itemListElement":[{"@type":"ListItem","position":1,"name":"Accueil","item":"https:\/\/studio-lt.fr\/"},{"@type":"ListItem","position":2,"name":"Photos de mode"}]}]}},"_links":{"self":[{"href":"https:\/\/studio-lt.fr\/index.php\/wp-json\/wp\/v2\/pages\/755"}],"collection":[{"href":"https:\/\/studio-lt.fr\/index.php\/wp-json\/wp\/v2\/pages"}],"about":[{"href":"https:\/\/studio-lt.fr\/index.php\/wp-json\/wp\/v2\/types\/page"}],"author":[{"embeddable":true,"href":"https:\/\/studio-lt.fr\/index.php\/wp-json\/wp\/v2\/users\/1"}],"replies":[{"embeddable":true,"href":"https:\/\/studio-lt.fr\/index.php\/wp-json\/wp\/v2\/comments?post=755"}],"version-history":[{"count":25,"href":"https:\/\/studio-lt.fr\/index.php\/wp-json\/wp\/v2\/pages\/755\/revisions"}],"predecessor-version":[{"id":1348,"href":"https:\/\/studio-lt.fr\/index.php\/wp-json\/wp\/v2\/pages\/755\/revisions\/1348"}],"wp:attachment":[{"href":"https:\/\/studio-lt.fr\/index.php\/wp-json\/wp\/v2\/media?parent=755"}],"curies":[{"name":"wp","href":"https:\/\/api.w.org\/{rel}","templated":true}]}}